{"id":7976,"date":"2025-10-28T19:33:33","date_gmt":"2025-10-28T18:33:33","guid":{"rendered":"https:\/\/oxyma.hu\/?page_id=7976"},"modified":"2025-10-28T19:33:35","modified_gmt":"2025-10-28T18:33:35","slug":"koszonjuk-a-feliratkozast","status":"publish","type":"page","link":"https:\/\/oxyma.hu\/en\/koszonjuk-a-feliratkozast\/","title":{"rendered":"K\u00f6sz\u00f6nj\u00fck a feliratkoz\u00e1st"},"content":{"rendered":"","protected":false},"excerpt":{"rendered":"","protected":false},"author":1,"featured_media":0,"parent":0,"menu_order":0,"comment_status":"closed","ping_status":"closed","template":"","meta":{"_acf_changed":false,"_seopress_robots_primary_cat":"","_seopress_titles_title":"","_seopress_titles_desc":"","_seopress_robots_index":"","inline_featured_image":false,"footnotes":""},"class_list":["post-7976","page","type-page","status-publish","hentry"],"acf":[],"_links":{"self":[{"href":"https:\/\/oxyma.hu\/en\/wp-json\/wp\/v2\/pages\/7976","targetHints":{"allow":["GET"]}}],"collection":[{"href":"https:\/\/oxyma.hu\/en\/wp-json\/wp\/v2\/pages"}],"about":[{"href":"https:\/\/oxyma.hu\/en\/wp-json\/wp\/v2\/types\/page"}],"author":[{"embeddable":true,"href":"https:\/\/oxyma.hu\/en\/wp-json\/wp\/v2\/users\/1"}],"replies":[{"embeddable":true,"href":"https:\/\/oxyma.hu\/en\/wp-json\/wp\/v2\/comments?post=7976"}],"version-history":[{"count":1,"href":"https:\/\/oxyma.hu\/en\/wp-json\/wp\/v2\/pages\/7976\/revisions"}],"predecessor-version":[{"id":7979,"href":"https:\/\/oxyma.hu\/en\/wp-json\/wp\/v2\/pages\/7976\/revisions\/7979"}],"wp:attachment":[{"href":"https:\/\/oxyma.hu\/en\/wp-json\/wp\/v2\/media?parent=7976"}],"curies":[{"name":"wp","href":"https:\/\/api.w.org\/{rel}","templated":true}]}}