{"id":6230,"date":"2025-09-24T14:59:27","date_gmt":"2025-09-24T12:59:27","guid":{"rendered":"https:\/\/oxyma.hu\/?page_id=6230"},"modified":"2025-09-24T14:59:57","modified_gmt":"2025-09-24T12:59:57","slug":"ajanlatkeres","status":"publish","type":"page","link":"https:\/\/oxyma.hu\/en\/ajanlatkeres\/","title":{"rendered":"Aj\u00e1nlatk\u00e9r\u00e9s"},"content":{"rendered":"","protected":false},"excerpt":{"rendered":"","protected":false},"author":1,"featured_media":0,"parent":0,"menu_order":0,"comment_status":"closed","ping_status":"closed","template":"","meta":{"_acf_changed":false,"_seopress_robots_primary_cat":"","_seopress_titles_title":"","_seopress_titles_desc":"","_seopress_robots_index":"","inline_featured_image":false,"footnotes":""},"class_list":["post-6230","page","type-page","status-publish","hentry"],"acf":[],"_links":{"self":[{"href":"https:\/\/oxyma.hu\/en\/wp-json\/wp\/v2\/pages\/6230","targetHints":{"allow":["GET"]}}],"collection":[{"href":"https:\/\/oxyma.hu\/en\/wp-json\/wp\/v2\/pages"}],"about":[{"href":"https:\/\/oxyma.hu\/en\/wp-json\/wp\/v2\/types\/page"}],"author":[{"embeddable":true,"href":"https:\/\/oxyma.hu\/en\/wp-json\/wp\/v2\/users\/1"}],"replies":[{"embeddable":true,"href":"https:\/\/oxyma.hu\/en\/wp-json\/wp\/v2\/comments?post=6230"}],"version-history":[{"count":1,"href":"https:\/\/oxyma.hu\/en\/wp-json\/wp\/v2\/pages\/6230\/revisions"}],"predecessor-version":[{"id":6233,"href":"https:\/\/oxyma.hu\/en\/wp-json\/wp\/v2\/pages\/6230\/revisions\/6233"}],"wp:attachment":[{"href":"https:\/\/oxyma.hu\/en\/wp-json\/wp\/v2\/media?parent=6230"}],"curies":[{"name":"wp","href":"https:\/\/api.w.org\/{rel}","templated":true}]}}