{"id":10588,"date":"2026-02-25T22:13:23","date_gmt":"2026-02-25T21:13:23","guid":{"rendered":"https:\/\/oxyma.hu\/?page_id=10588"},"modified":"2026-02-25T22:46:10","modified_gmt":"2026-02-25T21:46:10","slug":"penzugyi-segitsegnyujtas","status":"publish","type":"page","link":"https:\/\/oxyma.hu\/en\/penzugyi-segitsegnyujtas\/","title":{"rendered":"P\u00e9nz\u00fcgyi seg\u00edts\u00e9gny\u00fajt\u00e1s"},"content":{"rendered":"","protected":false},"excerpt":{"rendered":"","protected":false},"author":1,"featured_media":0,"parent":0,"menu_order":0,"comment_status":"closed","ping_status":"closed","template":"","meta":{"_acf_changed":false,"_seopress_robots_primary_cat":"","_seopress_titles_title":"","_seopress_titles_desc":"","_seopress_robots_index":"","inline_featured_image":false,"footnotes":""},"class_list":["post-10588","page","type-page","status-publish","hentry"],"acf":[],"_links":{"self":[{"href":"https:\/\/oxyma.hu\/en\/wp-json\/wp\/v2\/pages\/10588","targetHints":{"allow":["GET"]}}],"collection":[{"href":"https:\/\/oxyma.hu\/en\/wp-json\/wp\/v2\/pages"}],"about":[{"href":"https:\/\/oxyma.hu\/en\/wp-json\/wp\/v2\/types\/page"}],"author":[{"embeddable":true,"href":"https:\/\/oxyma.hu\/en\/wp-json\/wp\/v2\/users\/1"}],"replies":[{"embeddable":true,"href":"https:\/\/oxyma.hu\/en\/wp-json\/wp\/v2\/comments?post=10588"}],"version-history":[{"count":1,"href":"https:\/\/oxyma.hu\/en\/wp-json\/wp\/v2\/pages\/10588\/revisions"}],"predecessor-version":[{"id":10591,"href":"https:\/\/oxyma.hu\/en\/wp-json\/wp\/v2\/pages\/10588\/revisions\/10591"}],"wp:attachment":[{"href":"https:\/\/oxyma.hu\/en\/wp-json\/wp\/v2\/media?parent=10588"}],"curies":[{"name":"wp","href":"https:\/\/api.w.org\/{rel}","templated":true}]}}